{"id":731,"date":"2021-06-09T16:12:43","date_gmt":"2021-06-09T14:12:43","guid":{"rendered":"https:\/\/unsa-ferroviaire-rhone-alpes.org\/?page_id=731"},"modified":"2026-03-25T10:04:20","modified_gmt":"2026-03-25T09:04:20","slug":"avantages-adherents","status":"publish","type":"page","link":"https:\/\/unsa-ferroviaire-rhone-alpes.org\/index.php\/avantages-adherents\/","title":{"rendered":"Avantages adh\u00e9rent"},"content":{"rendered":"\n<h1 class=\"wp-block-heading has-text-align-center h2-title-page has-text-color has-link-color has-larger-font-size wp-elements-0bcee02bf66612152aaf2645f3c01d02\" style=\"color:#1d70b7\"><strong>MES AVANTAGES ADH\u00c9RENT<\/strong><\/h1>\n\n\n\n<h2 class=\"wp-block-heading has-text-align-center has-text-color has-link-color has-larger-font-size wp-elements-aa316b19e42c8a97c3185a4dece45482\" style=\"color:#d0328a\"><strong>Retrouvez ici tous les bons plans qui vous sont r\u00e9serv\u00e9s<\/strong><\/h2>\n\n\n\n<div class=\"wp-block-columns alignwide are-vertically-aligned-center summary-advantage-page is-layout-flex wp-container-core-columns-is-layout-9d6595d7 wp-block-columns-is-layout-flex\">\n<div class=\"wp-block-column is-vertically-aligned-center is-layout-flow wp-block-column-is-layout-flow\">\n<figure class=\"wp-block-image alignfull size-large on-hover-scale-img-logo\"><a href=\"https:\/\/unsa-ferroviaire-rhone-alpes.org\/index.php\/avantages-adherents\/remises-toute-lannee\/\"><img loading=\"lazy\" decoding=\"async\" width=\"1024\" height=\"1024\" src=\"https:\/\/unsa-ferroviaire-rhone-alpes.org\/wp-content\/uploads\/2026\/03\/Profitez-de-promos-toute-lannee-Carre-1024x1024.png\" alt=\"\" class=\"wp-image-10414\" srcset=\"https:\/\/unsa-ferroviaire-rhone-alpes.org\/wp-content\/uploads\/2026\/03\/Profitez-de-promos-toute-lannee-Carre-1024x1024.png 1024w, https:\/\/unsa-ferroviaire-rhone-alpes.org\/wp-content\/uploads\/2026\/03\/Profitez-de-promos-toute-lannee-Carre-300x300.png 300w, https:\/\/unsa-ferroviaire-rhone-alpes.org\/wp-content\/uploads\/2026\/03\/Profitez-de-promos-toute-lannee-Carre-150x150.png 150w, https:\/\/unsa-ferroviaire-rhone-alpes.org\/wp-content\/uploads\/2026\/03\/Profitez-de-promos-toute-lannee-Carre-768x768.png 768w, https:\/\/unsa-ferroviaire-rhone-alpes.org\/wp-content\/uploads\/2026\/03\/Profitez-de-promos-toute-lannee-Carre-320x320.png 320w, https:\/\/unsa-ferroviaire-rhone-alpes.org\/wp-content\/uploads\/2026\/03\/Profitez-de-promos-toute-lannee-Carre-480x480.png 480w, https:\/\/unsa-ferroviaire-rhone-alpes.org\/wp-content\/uploads\/2026\/03\/Profitez-de-promos-toute-lannee-Carre-800x800.png 800w, https:\/\/unsa-ferroviaire-rhone-alpes.org\/wp-content\/uploads\/2026\/03\/Profitez-de-promos-toute-lannee-Carre-1200x1200.png 1200w, https:\/\/unsa-ferroviaire-rhone-alpes.org\/wp-content\/uploads\/2026\/03\/Profitez-de-promos-toute-lannee-Carre-600x600.png 600w, https:\/\/unsa-ferroviaire-rhone-alpes.org\/wp-content\/uploads\/2026\/03\/Profitez-de-promos-toute-lannee-Carre.png 1482w\" sizes=\"auto, (max-width: 1024px) 100vw, 1024px\" \/><\/a><\/figure>\n<\/div>\n\n\n\n<div class=\"wp-block-column is-vertically-aligned-center is-layout-flow wp-block-column-is-layout-flow\">\n<figure class=\"wp-block-image alignfull size-large on-hover-scale-img-logo\"><a href=\"https:\/\/unsa-ferroviaire-rhone-alpes.org\/index.php\/informations-juridique-en-droit-prive\/\"><img loading=\"lazy\" decoding=\"async\" width=\"1024\" height=\"1024\" src=\"https:\/\/unsa-ferroviaire-rhone-alpes.org\/wp-content\/uploads\/2026\/03\/Profitez-Informations-juridiques-carre-1024x1024.png\" alt=\"\" class=\"wp-image-10415\" srcset=\"https:\/\/unsa-ferroviaire-rhone-alpes.org\/wp-content\/uploads\/2026\/03\/Profitez-Informations-juridiques-carre-1024x1024.png 1024w, https:\/\/unsa-ferroviaire-rhone-alpes.org\/wp-content\/uploads\/2026\/03\/Profitez-Informations-juridiques-carre-300x300.png 300w, https:\/\/unsa-ferroviaire-rhone-alpes.org\/wp-content\/uploads\/2026\/03\/Profitez-Informations-juridiques-carre-150x150.png 150w, https:\/\/unsa-ferroviaire-rhone-alpes.org\/wp-content\/uploads\/2026\/03\/Profitez-Informations-juridiques-carre-768x768.png 768w, https:\/\/unsa-ferroviaire-rhone-alpes.org\/wp-content\/uploads\/2026\/03\/Profitez-Informations-juridiques-carre-320x320.png 320w, https:\/\/unsa-ferroviaire-rhone-alpes.org\/wp-content\/uploads\/2026\/03\/Profitez-Informations-juridiques-carre-480x480.png 480w, https:\/\/unsa-ferroviaire-rhone-alpes.org\/wp-content\/uploads\/2026\/03\/Profitez-Informations-juridiques-carre-800x800.png 800w, https:\/\/unsa-ferroviaire-rhone-alpes.org\/wp-content\/uploads\/2026\/03\/Profitez-Informations-juridiques-carre-1200x1200.png 1200w, https:\/\/unsa-ferroviaire-rhone-alpes.org\/wp-content\/uploads\/2026\/03\/Profitez-Informations-juridiques-carre-600x600.png 600w, https:\/\/unsa-ferroviaire-rhone-alpes.org\/wp-content\/uploads\/2026\/03\/Profitez-Informations-juridiques-carre.png 1482w\" sizes=\"auto, (max-width: 1024px) 100vw, 1024px\" \/><\/a><\/figure>\n<\/div>\n\n\n\n<div class=\"wp-block-column is-vertically-aligned-center is-layout-flow wp-block-column-is-layout-flow\">\n<figure class=\"wp-block-image alignfull size-large on-hover-scale-img-logo\"><a href=\"https:\/\/unsa-ferroviaire-rhone-alpes.org\/index.php\/publications-pratiques\/\"><img loading=\"lazy\" decoding=\"async\" width=\"1024\" height=\"1024\" src=\"https:\/\/unsa-ferroviaire-rhone-alpes.org\/wp-content\/uploads\/2026\/03\/Profitez-Publications-pratiques-1024x1024.png\" alt=\"\" class=\"wp-image-10413\" srcset=\"https:\/\/unsa-ferroviaire-rhone-alpes.org\/wp-content\/uploads\/2026\/03\/Profitez-Publications-pratiques-1024x1024.png 1024w, https:\/\/unsa-ferroviaire-rhone-alpes.org\/wp-content\/uploads\/2026\/03\/Profitez-Publications-pratiques-300x300.png 300w, https:\/\/unsa-ferroviaire-rhone-alpes.org\/wp-content\/uploads\/2026\/03\/Profitez-Publications-pratiques-150x150.png 150w, https:\/\/unsa-ferroviaire-rhone-alpes.org\/wp-content\/uploads\/2026\/03\/Profitez-Publications-pratiques-768x768.png 768w, https:\/\/unsa-ferroviaire-rhone-alpes.org\/wp-content\/uploads\/2026\/03\/Profitez-Publications-pratiques-320x320.png 320w, https:\/\/unsa-ferroviaire-rhone-alpes.org\/wp-content\/uploads\/2026\/03\/Profitez-Publications-pratiques-480x480.png 480w, https:\/\/unsa-ferroviaire-rhone-alpes.org\/wp-content\/uploads\/2026\/03\/Profitez-Publications-pratiques-800x800.png 800w, https:\/\/unsa-ferroviaire-rhone-alpes.org\/wp-content\/uploads\/2026\/03\/Profitez-Publications-pratiques-1200x1200.png 1200w, https:\/\/unsa-ferroviaire-rhone-alpes.org\/wp-content\/uploads\/2026\/03\/Profitez-Publications-pratiques-600x600.png 600w, https:\/\/unsa-ferroviaire-rhone-alpes.org\/wp-content\/uploads\/2026\/03\/Profitez-Publications-pratiques.png 1482w\" sizes=\"auto, (max-width: 1024px) 100vw, 1024px\" \/><\/a><\/figure>\n<\/div>\n<\/div>\n","protected":false},"excerpt":{"rendered":"<p>MES AVANTAGES ADH\u00c9RENT Retrouvez ici tous les bons plans qui vous sont r\u00e9serv\u00e9s<\/p>\n","protected":false},"author":2,"featured_media":0,"parent":0,"menu_order":0,"comment_status":"closed","ping_status":"closed","template":"","meta":{"two_page_speed":[],"footnotes":""},"class_list":["post-731","page","type-page","status-publish","hentry"],"yoast_head":"<!-- This site is optimized with the Yoast SEO plugin v27.5 - https:\/\/yoast.com\/product\/yoast-seo-wordpress\/ -->\n<title>Avantages adh\u00e9rent - UNSA Ferroviaire Rh\u00f4ne Alpes<\/title>\n<meta name=\"description\" content=\"la page pr\u00e9sentant les diff\u00e9rents avantages pour nos adh\u00e9rents.\" \/>\n<meta name=\"robots\" content=\"index, follow, max-snippet:-1, max-image-preview:large, max-video-preview:-1\" \/>\n<link rel=\"canonical\" href=\"https:\/\/unsa-ferroviaire-rhone-alpes.org\/index.php\/avantages-adherents\/\" \/>\n<meta property=\"og:locale\" content=\"fr_FR\" \/>\n<meta property=\"og:type\" content=\"article\" \/>\n<meta property=\"og:title\" content=\"Avantages adh\u00e9rent - UNSA Ferroviaire Rh\u00f4ne Alpes\" \/>\n<meta property=\"og:description\" content=\"la page pr\u00e9sentant les diff\u00e9rents avantages pour nos adh\u00e9rents.\" \/>\n<meta property=\"og:url\" content=\"https:\/\/unsa-ferroviaire-rhone-alpes.org\/index.php\/avantages-adherents\/\" \/>\n<meta property=\"og:site_name\" content=\"UNSA Ferroviaire Rh\u00f4ne Alpes\" \/>\n<meta property=\"article:publisher\" content=\"https:\/\/www.facebook.com\/unsaferroviaireRA\/\" \/>\n<meta property=\"article:modified_time\" content=\"2026-03-25T09:04:20+00:00\" \/>\n<meta property=\"og:image\" content=\"https:\/\/unsa-ferroviaire-rhone-alpes.org\/wp-content\/uploads\/2026\/03\/Profitez-de-promos-toute-lannee-Carre.png\" \/>\n\t<meta property=\"og:image:width\" content=\"1482\" \/>\n\t<meta property=\"og:image:height\" content=\"1482\" \/>\n\t<meta property=\"og:image:type\" content=\"image\/png\" \/>\n<meta name=\"twitter:card\" content=\"summary_large_image\" \/>\n<meta name=\"twitter:site\" content=\"@ra_unsaferro\" \/>\n<meta name=\"twitter:label1\" content=\"Dur\u00e9e de lecture estim\u00e9e\" \/>\n\t<meta name=\"twitter:data1\" content=\"1 minute\" \/>\n<script type=\"application\/ld+json\" class=\"yoast-schema-graph\">{\"@context\":\"https:\\\/\\\/schema.org\",\"@graph\":[{\"@type\":\"WebPage\",\"@id\":\"https:\\\/\\\/unsa-ferroviaire-rhone-alpes.org\\\/index.php\\\/avantages-adherents\\\/\",\"url\":\"https:\\\/\\\/unsa-ferroviaire-rhone-alpes.org\\\/index.php\\\/avantages-adherents\\\/\",\"name\":\"Avantages adh\u00e9rent - UNSA Ferroviaire Rh\u00f4ne Alpes\",\"isPartOf\":{\"@id\":\"https:\\\/\\\/unsa-ferroviaire-rhone-alpes.org\\\/#website\"},\"primaryImageOfPage\":{\"@id\":\"https:\\\/\\\/unsa-ferroviaire-rhone-alpes.org\\\/index.php\\\/avantages-adherents\\\/#primaryimage\"},\"image\":{\"@id\":\"https:\\\/\\\/unsa-ferroviaire-rhone-alpes.org\\\/index.php\\\/avantages-adherents\\\/#primaryimage\"},\"thumbnailUrl\":\"https:\\\/\\\/unsa-ferroviaire-rhone-alpes.org\\\/wp-content\\\/uploads\\\/2026\\\/03\\\/Profitez-de-promos-toute-lannee-Carre-1024x1024.png\",\"datePublished\":\"2021-06-09T14:12:43+00:00\",\"dateModified\":\"2026-03-25T09:04:20+00:00\",\"description\":\"la page pr\u00e9sentant les diff\u00e9rents avantages pour nos adh\u00e9rents.\",\"breadcrumb\":{\"@id\":\"https:\\\/\\\/unsa-ferroviaire-rhone-alpes.org\\\/index.php\\\/avantages-adherents\\\/#breadcrumb\"},\"inLanguage\":\"fr-FR\",\"potentialAction\":[{\"@type\":\"ReadAction\",\"target\":[\"https:\\\/\\\/unsa-ferroviaire-rhone-alpes.org\\\/index.php\\\/avantages-adherents\\\/\"]}]},{\"@type\":\"ImageObject\",\"inLanguage\":\"fr-FR\",\"@id\":\"https:\\\/\\\/unsa-ferroviaire-rhone-alpes.org\\\/index.php\\\/avantages-adherents\\\/#primaryimage\",\"url\":\"https:\\\/\\\/unsa-ferroviaire-rhone-alpes.org\\\/wp-content\\\/uploads\\\/2026\\\/03\\\/Profitez-de-promos-toute-lannee-Carre.png\",\"contentUrl\":\"https:\\\/\\\/unsa-ferroviaire-rhone-alpes.org\\\/wp-content\\\/uploads\\\/2026\\\/03\\\/Profitez-de-promos-toute-lannee-Carre.png\",\"width\":1482,\"height\":1482},{\"@type\":\"BreadcrumbList\",\"@id\":\"https:\\\/\\\/unsa-ferroviaire-rhone-alpes.org\\\/index.php\\\/avantages-adherents\\\/#breadcrumb\",\"itemListElement\":[{\"@type\":\"ListItem\",\"position\":1,\"name\":\"Accueil\",\"item\":\"https:\\\/\\\/unsa-ferroviaire-rhone-alpes.org\\\/\"},{\"@type\":\"ListItem\",\"position\":2,\"name\":\"Avantages adh\u00e9rent\"}]},{\"@type\":\"WebSite\",\"@id\":\"https:\\\/\\\/unsa-ferroviaire-rhone-alpes.org\\\/#website\",\"url\":\"https:\\\/\\\/unsa-ferroviaire-rhone-alpes.org\\\/\",\"name\":\"UNSA Ferroviaire Rh\u00f4ne Alpes\",\"description\":\"Le syndicat pour tous !\",\"publisher\":{\"@id\":\"https:\\\/\\\/unsa-ferroviaire-rhone-alpes.org\\\/#organization\"},\"potentialAction\":[{\"@type\":\"SearchAction\",\"target\":{\"@type\":\"EntryPoint\",\"urlTemplate\":\"https:\\\/\\\/unsa-ferroviaire-rhone-alpes.org\\\/?s={search_term_string}\"},\"query-input\":{\"@type\":\"PropertyValueSpecification\",\"valueRequired\":true,\"valueName\":\"search_term_string\"}}],\"inLanguage\":\"fr-FR\"},{\"@type\":\"Organization\",\"@id\":\"https:\\\/\\\/unsa-ferroviaire-rhone-alpes.org\\\/#organization\",\"name\":\"UNSA-Ferroviaire Rh\u00f4ne-Alpes\",\"url\":\"https:\\\/\\\/unsa-ferroviaire-rhone-alpes.org\\\/\",\"logo\":{\"@type\":\"ImageObject\",\"inLanguage\":\"fr-FR\",\"@id\":\"https:\\\/\\\/unsa-ferroviaire-rhone-alpes.org\\\/#\\\/schema\\\/logo\\\/image\\\/\",\"url\":\"https:\\\/\\\/i1.wp.com\\\/unsa-ferroviaire-rhone-alpes.org\\\/wp-content\\\/uploads\\\/2021\\\/06\\\/cropped-cropped-cropped-logo-unsa.png?fit=512%2C512&ssl=1\",\"contentUrl\":\"https:\\\/\\\/i1.wp.com\\\/unsa-ferroviaire-rhone-alpes.org\\\/wp-content\\\/uploads\\\/2021\\\/06\\\/cropped-cropped-cropped-logo-unsa.png?fit=512%2C512&ssl=1\",\"width\":512,\"height\":512,\"caption\":\"UNSA-Ferroviaire Rh\u00f4ne-Alpes\"},\"image\":{\"@id\":\"https:\\\/\\\/unsa-ferroviaire-rhone-alpes.org\\\/#\\\/schema\\\/logo\\\/image\\\/\"},\"sameAs\":[\"https:\\\/\\\/www.facebook.com\\\/unsaferroviaireRA\\\/\",\"https:\\\/\\\/x.com\\\/ra_unsaferro\"]}]}<\/script>\n<!-- \/ Yoast SEO plugin. -->","yoast_head_json":{"title":"Avantages adh\u00e9rent - UNSA Ferroviaire Rh\u00f4ne Alpes","description":"la page pr\u00e9sentant les diff\u00e9rents avantages pour nos adh\u00e9rents.","robots":{"index":"index","follow":"follow","max-snippet":"max-snippet:-1","max-image-preview":"max-image-preview:large","max-video-preview":"max-video-preview:-1"},"canonical":"https:\/\/unsa-ferroviaire-rhone-alpes.org\/index.php\/avantages-adherents\/","og_locale":"fr_FR","og_type":"article","og_title":"Avantages adh\u00e9rent - UNSA Ferroviaire Rh\u00f4ne Alpes","og_description":"la page pr\u00e9sentant les diff\u00e9rents avantages pour nos adh\u00e9rents.","og_url":"https:\/\/unsa-ferroviaire-rhone-alpes.org\/index.php\/avantages-adherents\/","og_site_name":"UNSA Ferroviaire Rh\u00f4ne Alpes","article_publisher":"https:\/\/www.facebook.com\/unsaferroviaireRA\/","article_modified_time":"2026-03-25T09:04:20+00:00","og_image":[{"width":1482,"height":1482,"url":"https:\/\/unsa-ferroviaire-rhone-alpes.org\/wp-content\/uploads\/2026\/03\/Profitez-de-promos-toute-lannee-Carre.png","type":"image\/png"}],"twitter_card":"summary_large_image","twitter_site":"@ra_unsaferro","twitter_misc":{"Dur\u00e9e de lecture estim\u00e9e":"1 minute"},"schema":{"@context":"https:\/\/schema.org","@graph":[{"@type":"WebPage","@id":"https:\/\/unsa-ferroviaire-rhone-alpes.org\/index.php\/avantages-adherents\/","url":"https:\/\/unsa-ferroviaire-rhone-alpes.org\/index.php\/avantages-adherents\/","name":"Avantages adh\u00e9rent - UNSA Ferroviaire Rh\u00f4ne Alpes","isPartOf":{"@id":"https:\/\/unsa-ferroviaire-rhone-alpes.org\/#website"},"primaryImageOfPage":{"@id":"https:\/\/unsa-ferroviaire-rhone-alpes.org\/index.php\/avantages-adherents\/#primaryimage"},"image":{"@id":"https:\/\/unsa-ferroviaire-rhone-alpes.org\/index.php\/avantages-adherents\/#primaryimage"},"thumbnailUrl":"https:\/\/unsa-ferroviaire-rhone-alpes.org\/wp-content\/uploads\/2026\/03\/Profitez-de-promos-toute-lannee-Carre-1024x1024.png","datePublished":"2021-06-09T14:12:43+00:00","dateModified":"2026-03-25T09:04:20+00:00","description":"la page pr\u00e9sentant les diff\u00e9rents avantages pour nos adh\u00e9rents.","breadcrumb":{"@id":"https:\/\/unsa-ferroviaire-rhone-alpes.org\/index.php\/avantages-adherents\/#breadcrumb"},"inLanguage":"fr-FR","potentialAction":[{"@type":"ReadAction","target":["https:\/\/unsa-ferroviaire-rhone-alpes.org\/index.php\/avantages-adherents\/"]}]},{"@type":"ImageObject","inLanguage":"fr-FR","@id":"https:\/\/unsa-ferroviaire-rhone-alpes.org\/index.php\/avantages-adherents\/#primaryimage","url":"https:\/\/unsa-ferroviaire-rhone-alpes.org\/wp-content\/uploads\/2026\/03\/Profitez-de-promos-toute-lannee-Carre.png","contentUrl":"https:\/\/unsa-ferroviaire-rhone-alpes.org\/wp-content\/uploads\/2026\/03\/Profitez-de-promos-toute-lannee-Carre.png","width":1482,"height":1482},{"@type":"BreadcrumbList","@id":"https:\/\/unsa-ferroviaire-rhone-alpes.org\/index.php\/avantages-adherents\/#breadcrumb","itemListElement":[{"@type":"ListItem","position":1,"name":"Accueil","item":"https:\/\/unsa-ferroviaire-rhone-alpes.org\/"},{"@type":"ListItem","position":2,"name":"Avantages adh\u00e9rent"}]},{"@type":"WebSite","@id":"https:\/\/unsa-ferroviaire-rhone-alpes.org\/#website","url":"https:\/\/unsa-ferroviaire-rhone-alpes.org\/","name":"UNSA Ferroviaire Rh\u00f4ne Alpes","description":"Le syndicat pour tous !","publisher":{"@id":"https:\/\/unsa-ferroviaire-rhone-alpes.org\/#organization"},"potentialAction":[{"@type":"SearchAction","target":{"@type":"EntryPoint","urlTemplate":"https:\/\/unsa-ferroviaire-rhone-alpes.org\/?s={search_term_string}"},"query-input":{"@type":"PropertyValueSpecification","valueRequired":true,"valueName":"search_term_string"}}],"inLanguage":"fr-FR"},{"@type":"Organization","@id":"https:\/\/unsa-ferroviaire-rhone-alpes.org\/#organization","name":"UNSA-Ferroviaire Rh\u00f4ne-Alpes","url":"https:\/\/unsa-ferroviaire-rhone-alpes.org\/","logo":{"@type":"ImageObject","inLanguage":"fr-FR","@id":"https:\/\/unsa-ferroviaire-rhone-alpes.org\/#\/schema\/logo\/image\/","url":"https:\/\/i1.wp.com\/unsa-ferroviaire-rhone-alpes.org\/wp-content\/uploads\/2021\/06\/cropped-cropped-cropped-logo-unsa.png?fit=512%2C512&ssl=1","contentUrl":"https:\/\/i1.wp.com\/unsa-ferroviaire-rhone-alpes.org\/wp-content\/uploads\/2021\/06\/cropped-cropped-cropped-logo-unsa.png?fit=512%2C512&ssl=1","width":512,"height":512,"caption":"UNSA-Ferroviaire Rh\u00f4ne-Alpes"},"image":{"@id":"https:\/\/unsa-ferroviaire-rhone-alpes.org\/#\/schema\/logo\/image\/"},"sameAs":["https:\/\/www.facebook.com\/unsaferroviaireRA\/","https:\/\/x.com\/ra_unsaferro"]}]}},"jetpack_sharing_enabled":true,"_links":{"self":[{"href":"https:\/\/unsa-ferroviaire-rhone-alpes.org\/index.php\/wp-json\/wp\/v2\/pages\/731","targetHints":{"allow":["GET"]}}],"collection":[{"href":"https:\/\/unsa-ferroviaire-rhone-alpes.org\/index.php\/wp-json\/wp\/v2\/pages"}],"about":[{"href":"https:\/\/unsa-ferroviaire-rhone-alpes.org\/index.php\/wp-json\/wp\/v2\/types\/page"}],"author":[{"embeddable":true,"href":"https:\/\/unsa-ferroviaire-rhone-alpes.org\/index.php\/wp-json\/wp\/v2\/users\/2"}],"replies":[{"embeddable":true,"href":"https:\/\/unsa-ferroviaire-rhone-alpes.org\/index.php\/wp-json\/wp\/v2\/comments?post=731"}],"version-history":[{"count":33,"href":"https:\/\/unsa-ferroviaire-rhone-alpes.org\/index.php\/wp-json\/wp\/v2\/pages\/731\/revisions"}],"predecessor-version":[{"id":10718,"href":"https:\/\/unsa-ferroviaire-rhone-alpes.org\/index.php\/wp-json\/wp\/v2\/pages\/731\/revisions\/10718"}],"wp:attachment":[{"href":"https:\/\/unsa-ferroviaire-rhone-alpes.org\/index.php\/wp-json\/wp\/v2\/media?parent=731"}],"curies":[{"name":"wp","href":"https:\/\/api.w.org\/{rel}","templated":true}]}}