{"id":14,"date":"2021-05-20T12:37:45","date_gmt":"2021-05-20T10:37:45","guid":{"rendered":"http:\/\/unsa-ferroviaire-rhone-alpes.org\/?page_id=14"},"modified":"2025-12-01T12:07:09","modified_gmt":"2025-12-01T11:07:09","slug":"contact","status":"publish","type":"page","link":"https:\/\/unsa-ferroviaire-rhone-alpes.org\/index.php\/contact\/","title":{"rendered":"Contact"},"content":{"rendered":"\n<div class=\"wp-block-group alignwide contact-page-form-block\"><div class=\"wp-block-group__inner-container is-layout-flow wp-block-group-is-layout-flow\"><div class=\"wp-block-image contact-img-float\">\n<figure class=\"alignright size-full\"><img loading=\"lazy\" decoding=\"async\" width=\"310\" height=\"352\" src=\"https:\/\/unsa-ferroviaire-rhone-alpes.org\/wp-content\/uploads\/2025\/04\/Encart-Allo-UNSA-page-contact.png\" alt=\"\" class=\"wp-image-7300\" srcset=\"https:\/\/unsa-ferroviaire-rhone-alpes.org\/wp-content\/uploads\/2025\/04\/Encart-Allo-UNSA-page-contact.png 310w, https:\/\/unsa-ferroviaire-rhone-alpes.org\/wp-content\/uploads\/2025\/04\/Encart-Allo-UNSA-page-contact-264x300.png 264w\" sizes=\"auto, (max-width: 310px) 100vw, 310px\" \/><\/figure>\n<\/div>\n\n\n<h2 class=\"wp-block-heading alignwide has-text-align-center h2-title-page has-text-color has-link-color has-larger-font-size wp-elements-b4d61d61e26bfe4c7c7e38be198fd303\" style=\"color:#1d70b7\"><strong>ALL\u00d4 UNSA<\/strong><\/h2>\n\n\n\n<p class=\"has-text-align-center contact-form-infos has-small-font-size\">Les champs marqu\u00e9s d&rsquo;un * sont obligatoires<\/p>\n\n\n\n<div class=\"wp-block-contact-form-7-contact-form-selector formulaire contact-form\">\n<div class=\"wpcf7 no-js\" id=\"wpcf7-f67-o1\" lang=\"fr-FR\" dir=\"ltr\" data-wpcf7-id=\"67\">\n<div class=\"screen-reader-response\"><p role=\"status\" aria-live=\"polite\" aria-atomic=\"true\"><\/p> <ul><\/ul><\/div>\n<form action=\"\/index.php\/wp-json\/wp\/v2\/pages\/14#wpcf7-f67-o1\" method=\"post\" class=\"wpcf7-form init\" aria-label=\"Formulaire de contact\" novalidate=\"novalidate\" data-status=\"init\">\n<fieldset class=\"hidden-fields-container\"><input type=\"hidden\" name=\"_wpcf7\" value=\"67\" \/><input type=\"hidden\" name=\"_wpcf7_version\" value=\"6.1.5\" \/><input type=\"hidden\" name=\"_wpcf7_locale\" value=\"fr_FR\" \/><input type=\"hidden\" name=\"_wpcf7_unit_tag\" value=\"wpcf7-f67-o1\" \/><input type=\"hidden\" name=\"_wpcf7_container_post\" value=\"0\" \/><input type=\"hidden\" name=\"_wpcf7_posted_data_hash\" value=\"\" \/><input type=\"hidden\" name=\"_wpcf7_recaptcha_response\" value=\"\" \/>\n<\/fieldset>\n<div class=\"responsive name-lastname\">\n\t<p><label for=\"wpcf7-form-control-wrap your-lastname\">Pr\u00e9nom *<\/label><span class=\"wpcf7-form-control-wrap\" data-name=\"your-lastname\"><input size=\"40\" maxlength=\"400\" class=\"wpcf7-form-control wpcf7-text wpcf7-validates-as-required required\" autocomplete=\"lastname\" aria-required=\"true\" aria-invalid=\"false\" placeholder=\"Martine\" value=\"\" type=\"text\" name=\"your-lastname\" \/><\/span>\n\t<\/p>\n<\/div>\n<div class=\"responsive name-lastname\">\n\t<p><label for=\"wpcf7-form-control-wrap your-name\">Nom *<\/label><span class=\"wpcf7-form-control-wrap\" data-name=\"your-name\"><input size=\"40\" maxlength=\"400\" class=\"wpcf7-form-control wpcf7-text wpcf7-validates-as-required required\" autocomplete=\"name\" aria-required=\"true\" aria-invalid=\"false\" placeholder=\"Legrand\" value=\"\" type=\"text\" name=\"your-name\" \/><\/span>\n\t<\/p>\n<\/div>\n<div class=\"responsive\">\n\t<p><label for=\"wpcf7-form-control-wrap tel-549 your-phone\">Num. de t\u00e9l\u00e9phone *<\/label><span class=\"wpcf7-form-control-wrap\" data-name=\"your-phone\"><input size=\"40\" maxlength=\"10\" minlength=\"10\" class=\"wpcf7-form-control wpcf7-tel wpcf7-validates-as-required wpcf7-text wpcf7-validates-as-tel\" autocomplete=\"tel\" aria-required=\"true\" aria-invalid=\"false\" placeholder=\"06 99 99 99 99\" value=\"\" type=\"tel\" name=\"your-phone\" \/><\/span>\n\t<\/p>\n<\/div>\n<div class=\"responsive\">\n\t<p><label for=\"wpcf7-form-control-wrap your-email\">E-mail *<\/label><span class=\"wpcf7-form-control-wrap\" data-name=\"your-email\"><input size=\"40\" maxlength=\"400\" class=\"wpcf7-form-control wpcf7-email wpcf7-validates-as-required wpcf7-text wpcf7-validates-as-email required\" autocomplete=\"email\" aria-required=\"true\" aria-invalid=\"false\" placeholder=\"example@email.com\" value=\"\" type=\"email\" name=\"your-email\" \/><\/span>\n\t<\/p>\n<\/div>\n<div class=\"responsive already_adherent\">\n\t<p><label for=\"wpcf7-form-control-wrap is-adherent\">D\u00e9j\u00e0 adh\u00e9rent ? *<\/label><span class=\"wpcf7-form-control-wrap\" data-name=\"is-adherent\"><span class=\"wpcf7-form-control wpcf7-radio required\"><span class=\"wpcf7-list-item first\"><label><input type=\"radio\" name=\"is-adherent\" value=\"Oui\" \/><span class=\"wpcf7-list-item-label\">Oui<\/span><\/label><\/span><span class=\"wpcf7-list-item last\"><label><input type=\"radio\" name=\"is-adherent\" value=\"Non\" \/><span class=\"wpcf7-list-item-label\">Non<\/span><\/label><\/span><\/span><\/span>\n\t<\/p>\n<\/div>\n<div class=\"responsive\">\n\t<p><label for=\"wpcf7-form-control-wrap your-subject\"> Objet *<\/label><span class=\"wpcf7-form-control-wrap\" data-name=\"your-subject\"><input size=\"40\" maxlength=\"400\" class=\"wpcf7-form-control wpcf7-text wpcf7-validates-as-required required\" aria-required=\"true\" aria-invalid=\"false\" placeholder=\"Votre objet ici...\" value=\"\" type=\"text\" name=\"your-subject\" \/><\/span>\n\t<\/p>\n<\/div>\n<div class=\"responsive\">\n\t<p><label for=\"wpcf7-form-control-wrap your-message\"> Message *<\/label><span class=\"wpcf7-form-control-wrap\" data-name=\"your-message\"><textarea cols=\"40\" rows=\"10\" maxlength=\"2000\" class=\"wpcf7-form-control wpcf7-textarea wpcf7-validates-as-required required\" aria-required=\"true\" aria-invalid=\"false\" placeholder=\"Votre message ici...\" name=\"your-message\"><\/textarea><\/span>\n\t<\/p>\n<\/div>\n<p><input class=\"wpcf7-form-control wpcf7-submit has-spinner\" type=\"submit\" value=\"Envoyer\" \/>\n<\/p><p style=\"display: none !important;\" class=\"akismet-fields-container\" data-prefix=\"_wpcf7_ak_\"><label>&#916;<textarea name=\"_wpcf7_ak_hp_textarea\" cols=\"45\" rows=\"8\" maxlength=\"100\"><\/textarea><\/label><input type=\"hidden\" id=\"ak_js_1\" name=\"_wpcf7_ak_js\" value=\"131\"\/><script>\ndocument.getElementById( \"ak_js_1\" ).setAttribute( \"value\", ( new Date() ).getTime() );\n<\/script>\n<\/p><div class=\"wpcf7-response-output\" aria-hidden=\"true\"><\/div>\n<\/form>\n<\/div>\n<\/div>\n\n\n\n<div class=\"wp-block-columns is-layout-flex wp-container-core-columns-is-layout-9d6595d7 wp-block-columns-is-layout-flex\">\n<div class=\"wp-block-column contact-form-infos is-layout-flow wp-block-column-is-layout-flow\">\n<h4 class=\"wp-block-heading has-text-align-center has-text-color has-link-color wp-elements-a3a0a25daf186c7d9b700c474ad00e15\" style=\"color:#1d70b7\"><strong>Adresse Postale :<\/strong><\/h4>\n\n\n\n<p class=\"has-text-align-center\">UNSA-Ferroviaire Auvergne-Rh\u00f4ne-Alpes<\/p>\n\n\n\n<p class=\"has-text-align-center\">Immeuble le POLARIS<\/p>\n\n\n\n<p class=\"has-text-align-center\">45 rue Sainte Genevi\u00e8ve,<\/p>\n\n\n\n<p class=\"has-text-align-center\">69006 Lyon<\/p>\n<\/div>\n<\/div>\n\n\n\n<div class=\"wp-block-columns is-layout-flex wp-container-core-columns-is-layout-9d6595d7 wp-block-columns-is-layout-flex\">\n<div class=\"wp-block-column contact-form-infos is-layout-flow wp-block-column-is-layout-flow\">\n<h4 class=\"wp-block-heading has-text-align-center has-text-color has-link-color wp-elements-5c96c6eabafccf81101c9d4746c01070\" style=\"color:#1d70b7\"><strong>Email :<\/strong><\/h4>\n\n\n\n<p class=\"has-text-align-center has-primary-color has-text-color has-link-color wp-elements-24a01578a32c4de509c66f31e86f93a8\"><a href=\"mailto:ur.lyon@unsa-ferroviaire.org\">ur.lyon@unsa-ferroviaire.org<\/a><\/p>\n<\/div>\n<\/div>\n<\/div><\/div>\n","protected":false},"excerpt":{"rendered":"<p>ALL\u00d4 UNSA Les champs marqu\u00e9s d&rsquo;un * sont obligatoires Adresse Postale : UNSA-Ferroviaire Auvergne-Rh\u00f4ne-Alpes Immeuble le POLARIS 45 rue Sainte Genevi\u00e8ve, 69006 Lyon Email : ur.lyon@unsa-ferroviaire.org<\/p>\n","protected":false},"author":2,"featured_media":0,"parent":0,"menu_order":0,"comment_status":"closed","ping_status":"closed","template":"","meta":{"two_page_speed":[],"footnotes":""},"class_list":["post-14","page","type-page","status-publish","hentry"],"yoast_head":"<!-- This site is optimized with the Yoast SEO plugin v27.5 - https:\/\/yoast.com\/product\/yoast-seo-wordpress\/ -->\n<title>Contact - UNSA Ferroviaire Rh\u00f4ne Alpes<\/title>\n<meta name=\"robots\" content=\"index, follow, max-snippet:-1, max-image-preview:large, max-video-preview:-1\" \/>\n<link rel=\"canonical\" href=\"https:\/\/unsa-ferroviaire-rhone-alpes.org\/index.php\/contact\/\" \/>\n<meta property=\"og:locale\" content=\"fr_FR\" \/>\n<meta property=\"og:type\" content=\"article\" \/>\n<meta property=\"og:title\" content=\"Contact - UNSA Ferroviaire Rh\u00f4ne Alpes\" \/>\n<meta property=\"og:description\" content=\"ALL\u00d4 UNSA Les champs marqu\u00e9s d&rsquo;un * sont obligatoires Adresse Postale : UNSA-Ferroviaire Auvergne-Rh\u00f4ne-Alpes Immeuble le POLARIS 45 rue Sainte Genevi\u00e8ve, 69006 Lyon Email : ur.lyon@unsa-ferroviaire.org\" \/>\n<meta property=\"og:url\" content=\"https:\/\/unsa-ferroviaire-rhone-alpes.org\/index.php\/contact\/\" \/>\n<meta property=\"og:site_name\" content=\"UNSA Ferroviaire Rh\u00f4ne Alpes\" \/>\n<meta property=\"article:publisher\" content=\"https:\/\/www.facebook.com\/unsaferroviaireRA\/\" \/>\n<meta property=\"article:modified_time\" content=\"2025-12-01T11:07:09+00:00\" \/>\n<meta property=\"og:image\" content=\"https:\/\/unsa-ferroviaire-rhone-alpes.org\/wp-content\/uploads\/2025\/04\/Encart-Allo-UNSA-page-contact.png\" \/>\n\t<meta property=\"og:image:width\" content=\"310\" \/>\n\t<meta property=\"og:image:height\" content=\"352\" \/>\n\t<meta property=\"og:image:type\" content=\"image\/png\" \/>\n<meta name=\"twitter:card\" content=\"summary_large_image\" \/>\n<meta name=\"twitter:site\" content=\"@ra_unsaferro\" \/>\n<meta name=\"twitter:label1\" content=\"Dur\u00e9e de lecture estim\u00e9e\" \/>\n\t<meta name=\"twitter:data1\" content=\"1 minute\" \/>\n<script type=\"application\/ld+json\" class=\"yoast-schema-graph\">{\"@context\":\"https:\\\/\\\/schema.org\",\"@graph\":[{\"@type\":\"WebPage\",\"@id\":\"https:\\\/\\\/unsa-ferroviaire-rhone-alpes.org\\\/index.php\\\/contact\\\/\",\"url\":\"https:\\\/\\\/unsa-ferroviaire-rhone-alpes.org\\\/index.php\\\/contact\\\/\",\"name\":\"Contact - UNSA Ferroviaire Rh\u00f4ne Alpes\",\"isPartOf\":{\"@id\":\"https:\\\/\\\/unsa-ferroviaire-rhone-alpes.org\\\/#website\"},\"primaryImageOfPage\":{\"@id\":\"https:\\\/\\\/unsa-ferroviaire-rhone-alpes.org\\\/index.php\\\/contact\\\/#primaryimage\"},\"image\":{\"@id\":\"https:\\\/\\\/unsa-ferroviaire-rhone-alpes.org\\\/index.php\\\/contact\\\/#primaryimage\"},\"thumbnailUrl\":\"https:\\\/\\\/unsa-ferroviaire-rhone-alpes.org\\\/wp-content\\\/uploads\\\/2025\\\/04\\\/Encart-Allo-UNSA-page-contact.png\",\"datePublished\":\"2021-05-20T10:37:45+00:00\",\"dateModified\":\"2025-12-01T11:07:09+00:00\",\"breadcrumb\":{\"@id\":\"https:\\\/\\\/unsa-ferroviaire-rhone-alpes.org\\\/index.php\\\/contact\\\/#breadcrumb\"},\"inLanguage\":\"fr-FR\",\"potentialAction\":[{\"@type\":\"ReadAction\",\"target\":[\"https:\\\/\\\/unsa-ferroviaire-rhone-alpes.org\\\/index.php\\\/contact\\\/\"]}]},{\"@type\":\"ImageObject\",\"inLanguage\":\"fr-FR\",\"@id\":\"https:\\\/\\\/unsa-ferroviaire-rhone-alpes.org\\\/index.php\\\/contact\\\/#primaryimage\",\"url\":\"https:\\\/\\\/unsa-ferroviaire-rhone-alpes.org\\\/wp-content\\\/uploads\\\/2025\\\/04\\\/Encart-Allo-UNSA-page-contact.png\",\"contentUrl\":\"https:\\\/\\\/unsa-ferroviaire-rhone-alpes.org\\\/wp-content\\\/uploads\\\/2025\\\/04\\\/Encart-Allo-UNSA-page-contact.png\",\"width\":310,\"height\":352},{\"@type\":\"BreadcrumbList\",\"@id\":\"https:\\\/\\\/unsa-ferroviaire-rhone-alpes.org\\\/index.php\\\/contact\\\/#breadcrumb\",\"itemListElement\":[{\"@type\":\"ListItem\",\"position\":1,\"name\":\"Accueil\",\"item\":\"https:\\\/\\\/unsa-ferroviaire-rhone-alpes.org\\\/\"},{\"@type\":\"ListItem\",\"position\":2,\"name\":\"Contact\"}]},{\"@type\":\"WebSite\",\"@id\":\"https:\\\/\\\/unsa-ferroviaire-rhone-alpes.org\\\/#website\",\"url\":\"https:\\\/\\\/unsa-ferroviaire-rhone-alpes.org\\\/\",\"name\":\"UNSA Ferroviaire Rh\u00f4ne Alpes\",\"description\":\"Le syndicat pour tous !\",\"publisher\":{\"@id\":\"https:\\\/\\\/unsa-ferroviaire-rhone-alpes.org\\\/#organization\"},\"potentialAction\":[{\"@type\":\"SearchAction\",\"target\":{\"@type\":\"EntryPoint\",\"urlTemplate\":\"https:\\\/\\\/unsa-ferroviaire-rhone-alpes.org\\\/?s={search_term_string}\"},\"query-input\":{\"@type\":\"PropertyValueSpecification\",\"valueRequired\":true,\"valueName\":\"search_term_string\"}}],\"inLanguage\":\"fr-FR\"},{\"@type\":\"Organization\",\"@id\":\"https:\\\/\\\/unsa-ferroviaire-rhone-alpes.org\\\/#organization\",\"name\":\"UNSA-Ferroviaire Rh\u00f4ne-Alpes\",\"url\":\"https:\\\/\\\/unsa-ferroviaire-rhone-alpes.org\\\/\",\"logo\":{\"@type\":\"ImageObject\",\"inLanguage\":\"fr-FR\",\"@id\":\"https:\\\/\\\/unsa-ferroviaire-rhone-alpes.org\\\/#\\\/schema\\\/logo\\\/image\\\/\",\"url\":\"https:\\\/\\\/i1.wp.com\\\/unsa-ferroviaire-rhone-alpes.org\\\/wp-content\\\/uploads\\\/2021\\\/06\\\/cropped-cropped-cropped-logo-unsa.png?fit=512%2C512&ssl=1\",\"contentUrl\":\"https:\\\/\\\/i1.wp.com\\\/unsa-ferroviaire-rhone-alpes.org\\\/wp-content\\\/uploads\\\/2021\\\/06\\\/cropped-cropped-cropped-logo-unsa.png?fit=512%2C512&ssl=1\",\"width\":512,\"height\":512,\"caption\":\"UNSA-Ferroviaire Rh\u00f4ne-Alpes\"},\"image\":{\"@id\":\"https:\\\/\\\/unsa-ferroviaire-rhone-alpes.org\\\/#\\\/schema\\\/logo\\\/image\\\/\"},\"sameAs\":[\"https:\\\/\\\/www.facebook.com\\\/unsaferroviaireRA\\\/\",\"https:\\\/\\\/x.com\\\/ra_unsaferro\"]}]}<\/script>\n<!-- \/ Yoast SEO plugin. -->","yoast_head_json":{"title":"Contact - UNSA Ferroviaire Rh\u00f4ne Alpes","robots":{"index":"index","follow":"follow","max-snippet":"max-snippet:-1","max-image-preview":"max-image-preview:large","max-video-preview":"max-video-preview:-1"},"canonical":"https:\/\/unsa-ferroviaire-rhone-alpes.org\/index.php\/contact\/","og_locale":"fr_FR","og_type":"article","og_title":"Contact - UNSA Ferroviaire Rh\u00f4ne Alpes","og_description":"ALL\u00d4 UNSA Les champs marqu\u00e9s d&rsquo;un * sont obligatoires Adresse Postale : UNSA-Ferroviaire Auvergne-Rh\u00f4ne-Alpes Immeuble le POLARIS 45 rue Sainte Genevi\u00e8ve, 69006 Lyon Email : ur.lyon@unsa-ferroviaire.org","og_url":"https:\/\/unsa-ferroviaire-rhone-alpes.org\/index.php\/contact\/","og_site_name":"UNSA Ferroviaire Rh\u00f4ne Alpes","article_publisher":"https:\/\/www.facebook.com\/unsaferroviaireRA\/","article_modified_time":"2025-12-01T11:07:09+00:00","og_image":[{"width":310,"height":352,"url":"https:\/\/unsa-ferroviaire-rhone-alpes.org\/wp-content\/uploads\/2025\/04\/Encart-Allo-UNSA-page-contact.png","type":"image\/png"}],"twitter_card":"summary_large_image","twitter_site":"@ra_unsaferro","twitter_misc":{"Dur\u00e9e de lecture estim\u00e9e":"1 minute"},"schema":{"@context":"https:\/\/schema.org","@graph":[{"@type":"WebPage","@id":"https:\/\/unsa-ferroviaire-rhone-alpes.org\/index.php\/contact\/","url":"https:\/\/unsa-ferroviaire-rhone-alpes.org\/index.php\/contact\/","name":"Contact - UNSA Ferroviaire Rh\u00f4ne Alpes","isPartOf":{"@id":"https:\/\/unsa-ferroviaire-rhone-alpes.org\/#website"},"primaryImageOfPage":{"@id":"https:\/\/unsa-ferroviaire-rhone-alpes.org\/index.php\/contact\/#primaryimage"},"image":{"@id":"https:\/\/unsa-ferroviaire-rhone-alpes.org\/index.php\/contact\/#primaryimage"},"thumbnailUrl":"https:\/\/unsa-ferroviaire-rhone-alpes.org\/wp-content\/uploads\/2025\/04\/Encart-Allo-UNSA-page-contact.png","datePublished":"2021-05-20T10:37:45+00:00","dateModified":"2025-12-01T11:07:09+00:00","breadcrumb":{"@id":"https:\/\/unsa-ferroviaire-rhone-alpes.org\/index.php\/contact\/#breadcrumb"},"inLanguage":"fr-FR","potentialAction":[{"@type":"ReadAction","target":["https:\/\/unsa-ferroviaire-rhone-alpes.org\/index.php\/contact\/"]}]},{"@type":"ImageObject","inLanguage":"fr-FR","@id":"https:\/\/unsa-ferroviaire-rhone-alpes.org\/index.php\/contact\/#primaryimage","url":"https:\/\/unsa-ferroviaire-rhone-alpes.org\/wp-content\/uploads\/2025\/04\/Encart-Allo-UNSA-page-contact.png","contentUrl":"https:\/\/unsa-ferroviaire-rhone-alpes.org\/wp-content\/uploads\/2025\/04\/Encart-Allo-UNSA-page-contact.png","width":310,"height":352},{"@type":"BreadcrumbList","@id":"https:\/\/unsa-ferroviaire-rhone-alpes.org\/index.php\/contact\/#breadcrumb","itemListElement":[{"@type":"ListItem","position":1,"name":"Accueil","item":"https:\/\/unsa-ferroviaire-rhone-alpes.org\/"},{"@type":"ListItem","position":2,"name":"Contact"}]},{"@type":"WebSite","@id":"https:\/\/unsa-ferroviaire-rhone-alpes.org\/#website","url":"https:\/\/unsa-ferroviaire-rhone-alpes.org\/","name":"UNSA Ferroviaire Rh\u00f4ne Alpes","description":"Le syndicat pour tous !","publisher":{"@id":"https:\/\/unsa-ferroviaire-rhone-alpes.org\/#organization"},"potentialAction":[{"@type":"SearchAction","target":{"@type":"EntryPoint","urlTemplate":"https:\/\/unsa-ferroviaire-rhone-alpes.org\/?s={search_term_string}"},"query-input":{"@type":"PropertyValueSpecification","valueRequired":true,"valueName":"search_term_string"}}],"inLanguage":"fr-FR"},{"@type":"Organization","@id":"https:\/\/unsa-ferroviaire-rhone-alpes.org\/#organization","name":"UNSA-Ferroviaire Rh\u00f4ne-Alpes","url":"https:\/\/unsa-ferroviaire-rhone-alpes.org\/","logo":{"@type":"ImageObject","inLanguage":"fr-FR","@id":"https:\/\/unsa-ferroviaire-rhone-alpes.org\/#\/schema\/logo\/image\/","url":"https:\/\/i1.wp.com\/unsa-ferroviaire-rhone-alpes.org\/wp-content\/uploads\/2021\/06\/cropped-cropped-cropped-logo-unsa.png?fit=512%2C512&ssl=1","contentUrl":"https:\/\/i1.wp.com\/unsa-ferroviaire-rhone-alpes.org\/wp-content\/uploads\/2021\/06\/cropped-cropped-cropped-logo-unsa.png?fit=512%2C512&ssl=1","width":512,"height":512,"caption":"UNSA-Ferroviaire Rh\u00f4ne-Alpes"},"image":{"@id":"https:\/\/unsa-ferroviaire-rhone-alpes.org\/#\/schema\/logo\/image\/"},"sameAs":["https:\/\/www.facebook.com\/unsaferroviaireRA\/","https:\/\/x.com\/ra_unsaferro"]}]}},"jetpack_sharing_enabled":true,"_links":{"self":[{"href":"https:\/\/unsa-ferroviaire-rhone-alpes.org\/index.php\/wp-json\/wp\/v2\/pages\/14","targetHints":{"allow":["GET"]}}],"collection":[{"href":"https:\/\/unsa-ferroviaire-rhone-alpes.org\/index.php\/wp-json\/wp\/v2\/pages"}],"about":[{"href":"https:\/\/unsa-ferroviaire-rhone-alpes.org\/index.php\/wp-json\/wp\/v2\/types\/page"}],"author":[{"embeddable":true,"href":"https:\/\/unsa-ferroviaire-rhone-alpes.org\/index.php\/wp-json\/wp\/v2\/users\/2"}],"replies":[{"embeddable":true,"href":"https:\/\/unsa-ferroviaire-rhone-alpes.org\/index.php\/wp-json\/wp\/v2\/comments?post=14"}],"version-history":[{"count":110,"href":"https:\/\/unsa-ferroviaire-rhone-alpes.org\/index.php\/wp-json\/wp\/v2\/pages\/14\/revisions"}],"predecessor-version":[{"id":9227,"href":"https:\/\/unsa-ferroviaire-rhone-alpes.org\/index.php\/wp-json\/wp\/v2\/pages\/14\/revisions\/9227"}],"wp:attachment":[{"href":"https:\/\/unsa-ferroviaire-rhone-alpes.org\/index.php\/wp-json\/wp\/v2\/media?parent=14"}],"curies":[{"name":"wp","href":"https:\/\/api.w.org\/{rel}","templated":true}]}}