{"id":10856,"date":"2026-04-16T14:48:33","date_gmt":"2026-04-16T12:48:33","guid":{"rendered":"https:\/\/unsa-ferroviaire-rhone-alpes.org\/?page_id=10856"},"modified":"2026-04-16T15:58:29","modified_gmt":"2026-04-16T13:58:29","slug":"remuneration","status":"publish","type":"page","link":"https:\/\/unsa-ferroviaire-rhone-alpes.org\/index.php\/remuneration\/","title":{"rendered":"R\u00e9mun\u00e9ration"},"content":{"rendered":"\n<h1 class=\"wp-block-heading has-text-align-center h2-title-page has-text-color has-link-color has-larger-font-size wp-elements-ff643a7319ce8464879892e5d88b7fb2\" style=\"color:#1d70b7\"><strong>R\u00c9MUN<strong>\u00c9<\/strong>RATION<\/strong><\/h1>\n\n\n\n<div class=\"wp-block-columns alignwide is-not-stacked-on-mobile engagement-title-block is-layout-flex wp-container-core-columns-is-layout-9d6595d7 wp-block-columns-is-layout-flex\">\n<div class=\"wp-block-column engagement-title-number is-layout-flow wp-block-column-is-layout-flow\">\n<h3 class=\"wp-block-heading has-text-color has-link-color wp-elements-393c830af22dd27ed1a04be0ae81e0a7\" style=\"color:#1d70b7\"><strong># 1<\/strong><\/h3>\n<\/div>\n\n\n\n<div class=\"wp-block-column engagement-title-text is-layout-flow wp-block-column-is-layout-flow\" style=\"flex-basis:100%\">\n<h3 class=\"wp-block-heading engagement-title-text\">R\u00e9mun\u00e9ration : comprendre ce que vous gagnez vraiment<\/h3>\n<\/div>\n<\/div>\n\n\n\n<div class=\"wp-block-group alignwide empilement-with-float is-vertical is-layout-flex wp-container-core-group-is-layout-8cf370e7 wp-block-group-is-layout-flex\">\n<p>La r\u00e9mun\u00e9ration \u00e0 la SNCF ne se limite pas \u00e0 un salaire mensuel. Elle s\u2019inscrit dans un <strong>package global<\/strong> qui regroupe plusieurs \u00e9l\u00e9ments compl\u00e9mentaires<\/p>\n\n\n\n<p class=\"has-text-align-left title-contractuel has-background-color has-text-color has-background has-link-color wp-elements-d4d8049caf213c31c9282e2f7c74fe57\" style=\"background-color:#009ee3\"><strong>COMMENT \u00c7A MARCHE ?<\/strong><\/p>\n\n\n\n<figure class=\"wp-block-image size-full width-100 img-contractuel-full-width\"><img loading=\"lazy\" decoding=\"async\" width=\"2264\" height=\"481\" src=\"https:\/\/unsa-ferroviaire-rhone-alpes.org\/wp-content\/uploads\/2026\/04\/Graphique-Salaire-et-primes.png\" alt=\"\" class=\"wp-image-10880\" srcset=\"https:\/\/unsa-ferroviaire-rhone-alpes.org\/wp-content\/uploads\/2026\/04\/Graphique-Salaire-et-primes.png 2264w, https:\/\/unsa-ferroviaire-rhone-alpes.org\/wp-content\/uploads\/2026\/04\/Graphique-Salaire-et-primes-300x64.png 300w, https:\/\/unsa-ferroviaire-rhone-alpes.org\/wp-content\/uploads\/2026\/04\/Graphique-Salaire-et-primes-1024x218.png 1024w, https:\/\/unsa-ferroviaire-rhone-alpes.org\/wp-content\/uploads\/2026\/04\/Graphique-Salaire-et-primes-768x163.png 768w, https:\/\/unsa-ferroviaire-rhone-alpes.org\/wp-content\/uploads\/2026\/04\/Graphique-Salaire-et-primes-1536x326.png 1536w, https:\/\/unsa-ferroviaire-rhone-alpes.org\/wp-content\/uploads\/2026\/04\/Graphique-Salaire-et-primes-2048x435.png 2048w, https:\/\/unsa-ferroviaire-rhone-alpes.org\/wp-content\/uploads\/2026\/04\/Graphique-Salaire-et-primes-320x68.png 320w, https:\/\/unsa-ferroviaire-rhone-alpes.org\/wp-content\/uploads\/2026\/04\/Graphique-Salaire-et-primes-480x102.png 480w, https:\/\/unsa-ferroviaire-rhone-alpes.org\/wp-content\/uploads\/2026\/04\/Graphique-Salaire-et-primes-800x170.png 800w, https:\/\/unsa-ferroviaire-rhone-alpes.org\/wp-content\/uploads\/2026\/04\/Graphique-Salaire-et-primes-1200x255.png 1200w, https:\/\/unsa-ferroviaire-rhone-alpes.org\/wp-content\/uploads\/2026\/04\/Graphique-Salaire-et-primes-1980x421.png 1980w, https:\/\/unsa-ferroviaire-rhone-alpes.org\/wp-content\/uploads\/2026\/04\/Graphique-Salaire-et-primes-600x127.png 600w\" sizes=\"auto, (max-width: 2264px) 100vw, 2264px\" \/><\/figure>\n\n\n\n<figure class=\"wp-block-image size-full float-right img-max-height\"><a href=\"https:\/\/unsa-ferroviaire-rhone-alpes.org\/wp-content\/uploads\/2026\/04\/Tract-remuneration-Contractuels.pdf\" target=\"_blank\" rel=\" noreferrer noopener\"><img loading=\"lazy\" decoding=\"async\" width=\"469\" height=\"653\" src=\"https:\/\/unsa-ferroviaire-rhone-alpes.org\/wp-content\/uploads\/2026\/04\/Image2.png\" alt=\"\" class=\"wp-image-10866\" srcset=\"https:\/\/unsa-ferroviaire-rhone-alpes.org\/wp-content\/uploads\/2026\/04\/Image2.png 469w, https:\/\/unsa-ferroviaire-rhone-alpes.org\/wp-content\/uploads\/2026\/04\/Image2-215x300.png 215w, https:\/\/unsa-ferroviaire-rhone-alpes.org\/wp-content\/uploads\/2026\/04\/Image2-320x446.png 320w, https:\/\/unsa-ferroviaire-rhone-alpes.org\/wp-content\/uploads\/2026\/04\/Image2-431x600.png 431w\" sizes=\"auto, (max-width: 469px) 100vw, 469px\" \/><\/a><\/figure>\n\n\n\n<p>Le salaire de base constitue le socle. Il est d\u00e9termin\u00e9 \u00e0 l\u2019embauche et \u00e9volue ensuite en fonction de votre parcours. \u00c0 cela s\u2019ajoute une prime d\u2019anciennet\u00e9, qui progresse tous les trois ans et vient compl\u00e9ter progressivement votre r\u00e9mun\u00e9ration.<\/p>\n\n\n\n<p>Mais une part importante de votre revenu repose aussi sur des \u00e9l\u00e9ments souvent mal identifi\u00e9s au d\u00e9part. Les gratifications annuelles, vers\u00e9es notamment en juin, comme la GRAVAC (vacances) ou la GAEX (exploitation), repr\u00e9sentent un compl\u00e9ment significatif. Cette derni\u00e8re correspond par exemple \u00e0 plus de 12 % du salaire de base et de l\u2019anciennet\u00e9<\/p>\n\n\n\n<p>Selon votre m\u00e9tier, peuvent \u00e9galement s\u2019ajouter des \u00e9l\u00e9ments variables li\u00e9s \u00e0 la performance ou aux conditions de travail : horaires d\u00e9cal\u00e9s, travail de nuit, contraintes sp\u00e9cifiques. Ces \u00e9l\u00e9ments peuvent varier d\u2019un mois \u00e0 l\u2019autre et expliquer des diff\u00e9rences importantes entre agents.<\/p>\n\n\n\n<p>Ces compl\u00e9ments ne sont pas syst\u00e9matiques ni stables. Ils peuvent varier d\u2019un mois \u00e0 l\u2019autre, ce qui explique des \u00e9carts parfois importants entre agents.<\/p>\n\n\n\n<p>Comprendre sa r\u00e9mun\u00e9ration, c\u2019est avoir une vision globale de tout ce que vous percevez sur l\u2019ann\u00e9e, et pas uniquement de votre salaire mensuel.<\/p>\n<\/div>\n\n\n\n<div class=\"wp-block-columns alignwide is-not-stacked-on-mobile engagement-title-block is-layout-flex wp-container-core-columns-is-layout-9d6595d7 wp-block-columns-is-layout-flex\">\n<div class=\"wp-block-column engagement-title-number is-layout-flow wp-block-column-is-layout-flow\">\n<h3 class=\"wp-block-heading has-text-color has-link-color wp-elements-5f4b63d260795d818e7fe63f30afd692\" style=\"color:#1d70b7\"><strong># <\/strong>2<\/h3>\n<\/div>\n\n\n\n<div class=\"wp-block-column engagement-title-text is-layout-flow wp-block-column-is-layout-flow\" style=\"flex-basis:100%\">\n<h3 class=\"wp-block-heading engagement-title-text\">\u00c9volution professionnelle : ce qui se passe r\u00e9ellement<\/h3>\n<\/div>\n<\/div>\n\n\n\n<div class=\"wp-block-group alignwide empilement-with-float is-vertical is-layout-flex wp-container-core-group-is-layout-8cf370e7 wp-block-group-is-layout-flex\">\n<figure class=\"wp-block-image size-full float-right img-max-height\"><img loading=\"lazy\" decoding=\"async\" width=\"1810\" height=\"2560\" src=\"https:\/\/unsa-ferroviaire-rhone-alpes.org\/wp-content\/uploads\/2026\/04\/Page-1-AI-et-PV-scaled.png\" alt=\"\" class=\"wp-image-10883\" srcset=\"https:\/\/unsa-ferroviaire-rhone-alpes.org\/wp-content\/uploads\/2026\/04\/Page-1-AI-et-PV-scaled.png 1810w, https:\/\/unsa-ferroviaire-rhone-alpes.org\/wp-content\/uploads\/2026\/04\/Page-1-AI-et-PV-212x300.png 212w, https:\/\/unsa-ferroviaire-rhone-alpes.org\/wp-content\/uploads\/2026\/04\/Page-1-AI-et-PV-724x1024.png 724w, https:\/\/unsa-ferroviaire-rhone-alpes.org\/wp-content\/uploads\/2026\/04\/Page-1-AI-et-PV-768x1086.png 768w, https:\/\/unsa-ferroviaire-rhone-alpes.org\/wp-content\/uploads\/2026\/04\/Page-1-AI-et-PV-1086x1536.png 1086w, https:\/\/unsa-ferroviaire-rhone-alpes.org\/wp-content\/uploads\/2026\/04\/Page-1-AI-et-PV-1448x2048.png 1448w, https:\/\/unsa-ferroviaire-rhone-alpes.org\/wp-content\/uploads\/2026\/04\/Page-1-AI-et-PV-320x453.png 320w, https:\/\/unsa-ferroviaire-rhone-alpes.org\/wp-content\/uploads\/2026\/04\/Page-1-AI-et-PV-480x679.png 480w, https:\/\/unsa-ferroviaire-rhone-alpes.org\/wp-content\/uploads\/2026\/04\/Page-1-AI-et-PV-800x1131.png 800w, https:\/\/unsa-ferroviaire-rhone-alpes.org\/wp-content\/uploads\/2026\/04\/Page-1-AI-et-PV-1200x1697.png 1200w, https:\/\/unsa-ferroviaire-rhone-alpes.org\/wp-content\/uploads\/2026\/04\/Page-1-AI-et-PV-1980x2800.png 1980w, https:\/\/unsa-ferroviaire-rhone-alpes.org\/wp-content\/uploads\/2026\/04\/Page-1-AI-et-PV-424x600.png 424w\" sizes=\"auto, (max-width: 1810px) 100vw, 1810px\" \/><\/figure>\n\n\n\n<p>L\u2019\u00e9volution d\u2019un contractuel ne suit pas un d\u00e9roul\u00e9 automatique. Elle d\u00e9pend de d\u00e9cisions prises \u00e0 diff\u00e9rents niveaux, notamment lors des campagnes d\u2019augmentation. Chaque ann\u00e9e, une enveloppe est d\u00e9finie pour les augmentations individuelles. Mais cette enveloppe est limit\u00e9e. Concr\u00e8tement, cela signifie que certains agents peuvent b\u00e9n\u00e9ficier d\u2019une augmentation, tandis que d\u2019autres peuvent ne pas en percevoir au cours de la m\u00eame ann\u00e9e.\u00a0 L\u2019attribution d\u2019une AI n\u2019est ni obligatoire ni automatique.<\/p>\n\n\n\n<p>Les augmentations d\u00e9pendent fortement de l\u2019\u00e9valuation r\u00e9alis\u00e9e lors de l\u2019Entretien Individuel Annuel (EIA). Il existe aussi des dispositifs sp\u00e9cifiques d\u2019AI (Augmentation individuelle)&nbsp;:<\/p>\n\n\n\n<ul class=\"wp-block-list\">\n<li>Classes 1 \u00e0 6,<\/li>\n\n\n\n<li>Classe 7 et 8<\/li>\n\n\n\n<li>D\u00e9but de parcours classe 1 \u00e0 6<\/li>\n<\/ul>\n\n\n\n<p>Derni\u00e8re partie de carri\u00e8re classes 3 \u00e0 8<\/p>\n<\/div>\n","protected":false},"excerpt":{"rendered":"<p>R\u00c9MUN\u00c9RATION # 1 R\u00e9mun\u00e9ration : comprendre ce que vous gagnez vraiment La r\u00e9mun\u00e9ration \u00e0 la SNCF ne se limite pas \u00e0 un salaire mensuel. Elle s\u2019inscrit dans un package global qui regroupe plusieurs \u00e9l\u00e9ments compl\u00e9mentaires COMMENT \u00c7A MARCHE ? Le salaire de base constitue le socle. Il est d\u00e9termin\u00e9 \u00e0 l\u2019embauche et \u00e9volue ensuite en [&hellip;]<\/p>\n","protected":false},"author":9,"featured_media":0,"parent":0,"menu_order":0,"comment_status":"closed","ping_status":"closed","template":"","meta":{"two_page_speed":[],"footnotes":""},"class_list":["post-10856","page","type-page","status-publish","hentry"],"yoast_head":"<!-- This site is optimized with the Yoast SEO plugin v27.4 - https:\/\/yoast.com\/product\/yoast-seo-wordpress\/ -->\n<title>R\u00e9mun\u00e9ration - UNSA Ferroviaire Rh\u00f4ne Alpes<\/title>\n<meta name=\"robots\" content=\"index, follow, max-snippet:-1, max-image-preview:large, max-video-preview:-1\" \/>\n<link rel=\"canonical\" href=\"https:\/\/unsa-ferroviaire-rhone-alpes.org\/index.php\/remuneration\/\" \/>\n<meta property=\"og:locale\" content=\"fr_FR\" \/>\n<meta property=\"og:type\" content=\"article\" \/>\n<meta property=\"og:title\" content=\"R\u00e9mun\u00e9ration - UNSA Ferroviaire Rh\u00f4ne Alpes\" \/>\n<meta property=\"og:description\" content=\"R\u00c9MUN\u00c9RATION # 1 R\u00e9mun\u00e9ration : comprendre ce que vous gagnez vraiment La r\u00e9mun\u00e9ration \u00e0 la SNCF ne se limite pas \u00e0 un salaire mensuel. Elle s\u2019inscrit dans un package global qui regroupe plusieurs \u00e9l\u00e9ments compl\u00e9mentaires COMMENT \u00c7A MARCHE ? Le salaire de base constitue le socle. Il est d\u00e9termin\u00e9 \u00e0 l\u2019embauche et \u00e9volue ensuite en [&hellip;]\" \/>\n<meta property=\"og:url\" content=\"https:\/\/unsa-ferroviaire-rhone-alpes.org\/index.php\/remuneration\/\" \/>\n<meta property=\"og:site_name\" content=\"UNSA Ferroviaire Rh\u00f4ne Alpes\" \/>\n<meta property=\"article:publisher\" content=\"https:\/\/www.facebook.com\/unsaferroviaireRA\/\" \/>\n<meta property=\"article:modified_time\" content=\"2026-04-16T13:58:29+00:00\" \/>\n<meta property=\"og:image\" content=\"https:\/\/unsa-ferroviaire-rhone-alpes.org\/wp-content\/uploads\/2026\/04\/Graphique-Salaire-et-primes.png\" \/>\n\t<meta property=\"og:image:width\" content=\"2264\" \/>\n\t<meta property=\"og:image:height\" content=\"481\" \/>\n\t<meta property=\"og:image:type\" content=\"image\/png\" \/>\n<meta name=\"twitter:card\" content=\"summary_large_image\" \/>\n<meta name=\"twitter:site\" content=\"@ra_unsaferro\" \/>\n<meta name=\"twitter:label1\" content=\"Dur\u00e9e de lecture estim\u00e9e\" \/>\n\t<meta name=\"twitter:data1\" content=\"3 minutes\" \/>\n<script type=\"application\/ld+json\" class=\"yoast-schema-graph\">{\"@context\":\"https:\\\/\\\/schema.org\",\"@graph\":[{\"@type\":\"WebPage\",\"@id\":\"https:\\\/\\\/unsa-ferroviaire-rhone-alpes.org\\\/index.php\\\/remuneration\\\/\",\"url\":\"https:\\\/\\\/unsa-ferroviaire-rhone-alpes.org\\\/index.php\\\/remuneration\\\/\",\"name\":\"R\u00e9mun\u00e9ration - UNSA Ferroviaire Rh\u00f4ne Alpes\",\"isPartOf\":{\"@id\":\"https:\\\/\\\/unsa-ferroviaire-rhone-alpes.org\\\/#website\"},\"primaryImageOfPage\":{\"@id\":\"https:\\\/\\\/unsa-ferroviaire-rhone-alpes.org\\\/index.php\\\/remuneration\\\/#primaryimage\"},\"image\":{\"@id\":\"https:\\\/\\\/unsa-ferroviaire-rhone-alpes.org\\\/index.php\\\/remuneration\\\/#primaryimage\"},\"thumbnailUrl\":\"https:\\\/\\\/unsa-ferroviaire-rhone-alpes.org\\\/wp-content\\\/uploads\\\/2026\\\/04\\\/Graphique-Salaire-et-primes.png\",\"datePublished\":\"2026-04-16T12:48:33+00:00\",\"dateModified\":\"2026-04-16T13:58:29+00:00\",\"breadcrumb\":{\"@id\":\"https:\\\/\\\/unsa-ferroviaire-rhone-alpes.org\\\/index.php\\\/remuneration\\\/#breadcrumb\"},\"inLanguage\":\"fr-FR\",\"potentialAction\":[{\"@type\":\"ReadAction\",\"target\":[\"https:\\\/\\\/unsa-ferroviaire-rhone-alpes.org\\\/index.php\\\/remuneration\\\/\"]}]},{\"@type\":\"ImageObject\",\"inLanguage\":\"fr-FR\",\"@id\":\"https:\\\/\\\/unsa-ferroviaire-rhone-alpes.org\\\/index.php\\\/remuneration\\\/#primaryimage\",\"url\":\"https:\\\/\\\/unsa-ferroviaire-rhone-alpes.org\\\/wp-content\\\/uploads\\\/2026\\\/04\\\/Graphique-Salaire-et-primes.png\",\"contentUrl\":\"https:\\\/\\\/unsa-ferroviaire-rhone-alpes.org\\\/wp-content\\\/uploads\\\/2026\\\/04\\\/Graphique-Salaire-et-primes.png\",\"width\":2264,\"height\":481},{\"@type\":\"BreadcrumbList\",\"@id\":\"https:\\\/\\\/unsa-ferroviaire-rhone-alpes.org\\\/index.php\\\/remuneration\\\/#breadcrumb\",\"itemListElement\":[{\"@type\":\"ListItem\",\"position\":1,\"name\":\"Accueil\",\"item\":\"https:\\\/\\\/unsa-ferroviaire-rhone-alpes.org\\\/\"},{\"@type\":\"ListItem\",\"position\":2,\"name\":\"R\u00e9mun\u00e9ration\"}]},{\"@type\":\"WebSite\",\"@id\":\"https:\\\/\\\/unsa-ferroviaire-rhone-alpes.org\\\/#website\",\"url\":\"https:\\\/\\\/unsa-ferroviaire-rhone-alpes.org\\\/\",\"name\":\"UNSA Ferroviaire Rh\u00f4ne Alpes\",\"description\":\"Le syndicat pour tous !\",\"publisher\":{\"@id\":\"https:\\\/\\\/unsa-ferroviaire-rhone-alpes.org\\\/#organization\"},\"potentialAction\":[{\"@type\":\"SearchAction\",\"target\":{\"@type\":\"EntryPoint\",\"urlTemplate\":\"https:\\\/\\\/unsa-ferroviaire-rhone-alpes.org\\\/?s={search_term_string}\"},\"query-input\":{\"@type\":\"PropertyValueSpecification\",\"valueRequired\":true,\"valueName\":\"search_term_string\"}}],\"inLanguage\":\"fr-FR\"},{\"@type\":\"Organization\",\"@id\":\"https:\\\/\\\/unsa-ferroviaire-rhone-alpes.org\\\/#organization\",\"name\":\"UNSA-Ferroviaire Rh\u00f4ne-Alpes\",\"url\":\"https:\\\/\\\/unsa-ferroviaire-rhone-alpes.org\\\/\",\"logo\":{\"@type\":\"ImageObject\",\"inLanguage\":\"fr-FR\",\"@id\":\"https:\\\/\\\/unsa-ferroviaire-rhone-alpes.org\\\/#\\\/schema\\\/logo\\\/image\\\/\",\"url\":\"https:\\\/\\\/i1.wp.com\\\/unsa-ferroviaire-rhone-alpes.org\\\/wp-content\\\/uploads\\\/2021\\\/06\\\/cropped-cropped-cropped-logo-unsa.png?fit=512%2C512&ssl=1\",\"contentUrl\":\"https:\\\/\\\/i1.wp.com\\\/unsa-ferroviaire-rhone-alpes.org\\\/wp-content\\\/uploads\\\/2021\\\/06\\\/cropped-cropped-cropped-logo-unsa.png?fit=512%2C512&ssl=1\",\"width\":512,\"height\":512,\"caption\":\"UNSA-Ferroviaire Rh\u00f4ne-Alpes\"},\"image\":{\"@id\":\"https:\\\/\\\/unsa-ferroviaire-rhone-alpes.org\\\/#\\\/schema\\\/logo\\\/image\\\/\"},\"sameAs\":[\"https:\\\/\\\/www.facebook.com\\\/unsaferroviaireRA\\\/\",\"https:\\\/\\\/x.com\\\/ra_unsaferro\"]}]}<\/script>\n<!-- \/ Yoast SEO plugin. -->","yoast_head_json":{"title":"R\u00e9mun\u00e9ration - UNSA Ferroviaire Rh\u00f4ne Alpes","robots":{"index":"index","follow":"follow","max-snippet":"max-snippet:-1","max-image-preview":"max-image-preview:large","max-video-preview":"max-video-preview:-1"},"canonical":"https:\/\/unsa-ferroviaire-rhone-alpes.org\/index.php\/remuneration\/","og_locale":"fr_FR","og_type":"article","og_title":"R\u00e9mun\u00e9ration - UNSA Ferroviaire Rh\u00f4ne Alpes","og_description":"R\u00c9MUN\u00c9RATION # 1 R\u00e9mun\u00e9ration : comprendre ce que vous gagnez vraiment La r\u00e9mun\u00e9ration \u00e0 la SNCF ne se limite pas \u00e0 un salaire mensuel. Elle s\u2019inscrit dans un package global qui regroupe plusieurs \u00e9l\u00e9ments compl\u00e9mentaires COMMENT \u00c7A MARCHE ? Le salaire de base constitue le socle. Il est d\u00e9termin\u00e9 \u00e0 l\u2019embauche et \u00e9volue ensuite en [&hellip;]","og_url":"https:\/\/unsa-ferroviaire-rhone-alpes.org\/index.php\/remuneration\/","og_site_name":"UNSA Ferroviaire Rh\u00f4ne Alpes","article_publisher":"https:\/\/www.facebook.com\/unsaferroviaireRA\/","article_modified_time":"2026-04-16T13:58:29+00:00","og_image":[{"width":2264,"height":481,"url":"https:\/\/unsa-ferroviaire-rhone-alpes.org\/wp-content\/uploads\/2026\/04\/Graphique-Salaire-et-primes.png","type":"image\/png"}],"twitter_card":"summary_large_image","twitter_site":"@ra_unsaferro","twitter_misc":{"Dur\u00e9e de lecture estim\u00e9e":"3 minutes"},"schema":{"@context":"https:\/\/schema.org","@graph":[{"@type":"WebPage","@id":"https:\/\/unsa-ferroviaire-rhone-alpes.org\/index.php\/remuneration\/","url":"https:\/\/unsa-ferroviaire-rhone-alpes.org\/index.php\/remuneration\/","name":"R\u00e9mun\u00e9ration - UNSA Ferroviaire Rh\u00f4ne Alpes","isPartOf":{"@id":"https:\/\/unsa-ferroviaire-rhone-alpes.org\/#website"},"primaryImageOfPage":{"@id":"https:\/\/unsa-ferroviaire-rhone-alpes.org\/index.php\/remuneration\/#primaryimage"},"image":{"@id":"https:\/\/unsa-ferroviaire-rhone-alpes.org\/index.php\/remuneration\/#primaryimage"},"thumbnailUrl":"https:\/\/unsa-ferroviaire-rhone-alpes.org\/wp-content\/uploads\/2026\/04\/Graphique-Salaire-et-primes.png","datePublished":"2026-04-16T12:48:33+00:00","dateModified":"2026-04-16T13:58:29+00:00","breadcrumb":{"@id":"https:\/\/unsa-ferroviaire-rhone-alpes.org\/index.php\/remuneration\/#breadcrumb"},"inLanguage":"fr-FR","potentialAction":[{"@type":"ReadAction","target":["https:\/\/unsa-ferroviaire-rhone-alpes.org\/index.php\/remuneration\/"]}]},{"@type":"ImageObject","inLanguage":"fr-FR","@id":"https:\/\/unsa-ferroviaire-rhone-alpes.org\/index.php\/remuneration\/#primaryimage","url":"https:\/\/unsa-ferroviaire-rhone-alpes.org\/wp-content\/uploads\/2026\/04\/Graphique-Salaire-et-primes.png","contentUrl":"https:\/\/unsa-ferroviaire-rhone-alpes.org\/wp-content\/uploads\/2026\/04\/Graphique-Salaire-et-primes.png","width":2264,"height":481},{"@type":"BreadcrumbList","@id":"https:\/\/unsa-ferroviaire-rhone-alpes.org\/index.php\/remuneration\/#breadcrumb","itemListElement":[{"@type":"ListItem","position":1,"name":"Accueil","item":"https:\/\/unsa-ferroviaire-rhone-alpes.org\/"},{"@type":"ListItem","position":2,"name":"R\u00e9mun\u00e9ration"}]},{"@type":"WebSite","@id":"https:\/\/unsa-ferroviaire-rhone-alpes.org\/#website","url":"https:\/\/unsa-ferroviaire-rhone-alpes.org\/","name":"UNSA Ferroviaire Rh\u00f4ne Alpes","description":"Le syndicat pour tous !","publisher":{"@id":"https:\/\/unsa-ferroviaire-rhone-alpes.org\/#organization"},"potentialAction":[{"@type":"SearchAction","target":{"@type":"EntryPoint","urlTemplate":"https:\/\/unsa-ferroviaire-rhone-alpes.org\/?s={search_term_string}"},"query-input":{"@type":"PropertyValueSpecification","valueRequired":true,"valueName":"search_term_string"}}],"inLanguage":"fr-FR"},{"@type":"Organization","@id":"https:\/\/unsa-ferroviaire-rhone-alpes.org\/#organization","name":"UNSA-Ferroviaire Rh\u00f4ne-Alpes","url":"https:\/\/unsa-ferroviaire-rhone-alpes.org\/","logo":{"@type":"ImageObject","inLanguage":"fr-FR","@id":"https:\/\/unsa-ferroviaire-rhone-alpes.org\/#\/schema\/logo\/image\/","url":"https:\/\/i1.wp.com\/unsa-ferroviaire-rhone-alpes.org\/wp-content\/uploads\/2021\/06\/cropped-cropped-cropped-logo-unsa.png?fit=512%2C512&ssl=1","contentUrl":"https:\/\/i1.wp.com\/unsa-ferroviaire-rhone-alpes.org\/wp-content\/uploads\/2021\/06\/cropped-cropped-cropped-logo-unsa.png?fit=512%2C512&ssl=1","width":512,"height":512,"caption":"UNSA-Ferroviaire Rh\u00f4ne-Alpes"},"image":{"@id":"https:\/\/unsa-ferroviaire-rhone-alpes.org\/#\/schema\/logo\/image\/"},"sameAs":["https:\/\/www.facebook.com\/unsaferroviaireRA\/","https:\/\/x.com\/ra_unsaferro"]}]}},"jetpack_sharing_enabled":true,"_links":{"self":[{"href":"https:\/\/unsa-ferroviaire-rhone-alpes.org\/index.php\/wp-json\/wp\/v2\/pages\/10856","targetHints":{"allow":["GET"]}}],"collection":[{"href":"https:\/\/unsa-ferroviaire-rhone-alpes.org\/index.php\/wp-json\/wp\/v2\/pages"}],"about":[{"href":"https:\/\/unsa-ferroviaire-rhone-alpes.org\/index.php\/wp-json\/wp\/v2\/types\/page"}],"author":[{"embeddable":true,"href":"https:\/\/unsa-ferroviaire-rhone-alpes.org\/index.php\/wp-json\/wp\/v2\/users\/9"}],"replies":[{"embeddable":true,"href":"https:\/\/unsa-ferroviaire-rhone-alpes.org\/index.php\/wp-json\/wp\/v2\/comments?post=10856"}],"version-history":[{"count":26,"href":"https:\/\/unsa-ferroviaire-rhone-alpes.org\/index.php\/wp-json\/wp\/v2\/pages\/10856\/revisions"}],"predecessor-version":[{"id":10953,"href":"https:\/\/unsa-ferroviaire-rhone-alpes.org\/index.php\/wp-json\/wp\/v2\/pages\/10856\/revisions\/10953"}],"wp:attachment":[{"href":"https:\/\/unsa-ferroviaire-rhone-alpes.org\/index.php\/wp-json\/wp\/v2\/media?parent=10856"}],"curies":[{"name":"wp","href":"https:\/\/api.w.org\/{rel}","templated":true}]}}